{"id":7766,"date":"2023-02-17T01:05:01","date_gmt":"2023-02-17T01:05:01","guid":{"rendered":"https:\/\/canadawinetours.com\/?page_id=7766"},"modified":"2025-11-17T17:36:48","modified_gmt":"2025-11-17T17:36:48","slug":"route-des-vins-quebec-ontario","status":"publish","type":"page","link":"https:\/\/canadawinetours.com\/fr\/route-des-vins-quebec-ontario\/","title":{"rendered":"Oenotours Qu\u00e9bec &#038; Ontario"},"content":{"rendered":"<div data-elementor-type=\"wp-page\" data-elementor-id=\"7766\" class=\"elementor elementor-7766\">\n\t\t\t\t\t\t<section class=\"elementor-section elementor-top-section elementor-element elementor-element-5131a13e elementor-section-boxed elementor-section-height-default elementor-section-height-default\" data-id=\"5131a13e\" data-element_type=\"section\" data-settings=\"{&quot;background_background&quot;:&quot;classic&quot;}\">\n\t\t\t\t\t\t\t<div class=\"elementor-background-overlay\"><\/div>\n\t\t\t\t\t\t\t<div class=\"elementor-container elementor-column-gap-default\">\n\t\t\t\t\t<div class=\"elementor-column elementor-col-100 elementor-top-column elementor-element elementor-element-1053ca7a\" data-id=\"1053ca7a\" data-element_type=\"column\">\n\t\t\t<div class=\"elementor-widget-wrap elementor-element-populated\">\n\t\t\t\t\t\t<div class=\"elementor-element elementor-element-3d99e122 elementor-widget elementor-widget-heading\" data-id=\"3d99e122\" data-element_type=\"widget\" data-widget_type=\"heading.default\">\n\t\t\t\t<div class=\"elementor-widget-container\">\n\t\t\t<style>\/*! elementor - v3.21.0 - 22-05-2024 *\/\n.elementor-heading-title{padding:0;margin:0;line-height:1}.elementor-widget-heading .elementor-heading-title[class*=elementor-size-]>a{color:inherit;font-size:inherit;line-height:inherit}.elementor-widget-heading .elementor-heading-title.elementor-size-small{font-size:15px}.elementor-widget-heading .elementor-heading-title.elementor-size-medium{font-size:19px}.elementor-widget-heading .elementor-heading-title.elementor-size-large{font-size:29px}.elementor-widget-heading .elementor-heading-title.elementor-size-xl{font-size:39px}.elementor-widget-heading .elementor-heading-title.elementor-size-xxl{font-size:59px}<\/style><h1 class=\"elementor-heading-title elementor-size-default\">Oenotours Qu\u00e9bec &amp; Ontario<\/h1>\t\t<\/div>\n\t\t\t\t<\/div>\n\t\t\t\t\t<\/div>\n\t\t<\/div>\n\t\t\t\t\t<\/div>\n\t\t<\/section>\n\t\t\t\t<section class=\"elementor-section elementor-top-section elementor-element elementor-element-1a040e8 elementor-section-boxed elementor-section-height-default elementor-section-height-default\" data-id=\"1a040e8\" data-element_type=\"section\">\n\t\t\t\t\t\t<div class=\"elementor-container elementor-column-gap-default\">\n\t\t\t\t\t<div class=\"elementor-column elementor-col-100 elementor-top-column elementor-element elementor-element-c05092f\" data-id=\"c05092f\" data-element_type=\"column\">\n\t\t\t<div class=\"elementor-widget-wrap elementor-element-populated\">\n\t\t\t\t\t\t<div class=\"elementor-element elementor-element-f67b266 elementor-widget elementor-widget-text-editor\" data-id=\"f67b266\" data-element_type=\"widget\" data-widget_type=\"text-editor.default\">\n\t\t\t\t<div class=\"elementor-widget-container\">\n\t\t\t<style>\/*! elementor - v3.21.0 - 22-05-2024 *\/\n.elementor-widget-text-editor.elementor-drop-cap-view-stacked .elementor-drop-cap{background-color:#69727d;color:#fff}.elementor-widget-text-editor.elementor-drop-cap-view-framed .elementor-drop-cap{color:#69727d;border:3px solid;background-color:transparent}.elementor-widget-text-editor:not(.elementor-drop-cap-view-default) .elementor-drop-cap{margin-top:8px}.elementor-widget-text-editor:not(.elementor-drop-cap-view-default) .elementor-drop-cap-letter{width:1em;height:1em}.elementor-widget-text-editor .elementor-drop-cap{float:left;text-align:center;line-height:1;font-size:50px}.elementor-widget-text-editor .elementor-drop-cap-letter{display:inline-block}<\/style>\t\t\t\t<section class=\"elementor-section elementor-top-section elementor-element elementor-element-5a59143 elementor-section-boxed elementor-section-height-default elementor-section-height-default\" data-id=\"5a59143\" data-element_type=\"section\"><div class=\"elementor-container elementor-column-gap-default\"><div class=\"elementor-column elementor-col-100 elementor-top-column elementor-element elementor-element-e0a3aa8\" data-id=\"e0a3aa8\" data-element_type=\"column\"><div class=\"elementor-widget-wrap elementor-element-populated\"><div class=\"elementor-widget-container\"><h4 class=\"elementor-heading-title elementor-size-default\"><strong>CALENDRIER \u00c9T\u00c9-AUTOMNE 2026 SERA MIS EN LIGNE PROCHAINEMENT<\/strong><\/h4><\/div><h3 class=\"elementor-element elementor-element-944f978 elementor-widget elementor-widget-heading\" data-id=\"944f978\" data-element_type=\"widget\" data-widget_type=\"heading.default\">\u00a0<\/h3><p><strong>ITIN\u00c9RAIRE SUR 8 JOURS<\/strong><\/p><div class=\"elementor-widget-container\"><p>JOUR 1 ARRIV\u00c9E A MONTR\u00c9AL | MONTR\u00c9AL TOUR DE VILLE<br \/>\u00a0\u00a0 |<br \/>JOUR 2 ROUTE DES VINS CANTONS DE L&#8217;EST\u00a0 | DUNHAM | SUTTON | SHERBROOKE<br \/>\u00a0\u00a0 |<br \/>JOUR 3 CANTONS DE L&#8217;EST | MONT ORFORD | VILLE DE QU\u00c9BEC<br \/>\u00a0\u00a0 |<br \/>JOUR 4 CHUTE DE MONTMORENCY | ILE D&#8217;ORLEANS<br \/>\u00a0\u00a0 |<br \/>JOUR 5 VOL QUEBEC-TORONTO | TORONTO | NIAGARA-ON-THE-LAKE<br \/>\u00a0\u00a0 |<br \/>JOUR 6 ROUTE DES VINS PENINSULE DE NIAGARA | NIAGARA FALLS <br \/>\u00a0\u00a0 |<br \/>JOUR 7\u00a0 ROUTE DES VINS NIAGARA\u00a0\u00a0 | SAINT-ANNS | VINELAND<br \/>\u00a0\u00a0 |<br \/>JOUR 8 TRANSFERT A\u00c9ROPORT DE TORONTO &#8211; FIN DU TOUR<\/p><h5><strong>TARIFS &amp; CONDITIONS<\/strong><\/h5><h5>Tarifs par personne sur base chambre double \u00e0 partir de 8,999.00$<\/h5><p><strong>Sont inclus dans chaque province:<\/strong><\/p><h5>-Minibus grand confort 15 places et chauffeur dans chaque province<br \/>-Sommelier dipl\u00f4m\u00e9-guide<br \/>-Toutes les nuit\u00e9es en h\u00f4tels 4-5* et petits-d\u00e9jeuners continentaux<br \/>-Toutes les visites guid\u00e9es et d\u00e9gustations dans les vignobles<br \/>-Visites au Mont Orford et Chute de Montmorency<br \/>&#8211; Vol int\u00e9rieur Qu\u00e9bec-Toronto<\/h5><h5><strong>Ne sont pas inclus:<\/strong><\/h5><h5>&#8211; Tous les d\u00e9jeuners et d\u00eeners (restaurants sugg\u00e9r\u00e9s)<br \/>&#8211; Transfert en taxi de l\u2019a\u00e9roport de Montr\u00e9al \u00e0 l\u2019h\u00f4tel<br \/>&#8211; Les achats personnels et boissons <br \/>&#8211; Le transport a\u00e9rien vers Montr\u00e9al et depuis Toronto.<br \/>&#8211; Les assurances m\u00e9dicales de voyage et d\u2019annulation, d\u2019interruption de voyage<br \/>&#8211; Les pourboires du chauffeur et du guide.<\/h5><h5><strong>OPTIONNEL<\/strong><br \/>Survol en h\u00e9licopt\u00e8re au dessus des Chutes de Niagara et du vignoble de Niagara. Vol de 30 minutes au d\u00e9part du vignoble Vineland.<br \/>Prix \u00e0 partir de 330,52 $CAD\/pers. (12 places r\u00e9serv\u00e9es &#8211; 2 h\u00e9licopt\u00e8res de 6 places chacun) jusqu\u2019\u00e0 566,61 $CAD\/pers. (moins de 7 places r\u00e9serv\u00e9es.)<\/h5><h5><strong>IMPORTANT<br \/><\/strong><strong>&#8211; D\u00e9pendamment de la conjoncture \u00e9conomique et touristique au Canada \u00e0 cette p\u00e9riode donn\u00e9e, des changements peuvent survenir dans les horaires de vol ou de visites dans les vignobles et seront remplac\u00e9es par des prestation de niveau de gamme \u00e9quivalent.<\/strong><\/h5><h5><strong>&#8211; Les assurances m\u00e9dicales, d\u2019interruption et d\u2019annulation de voyage ne sont pas offertes et sont de la responsabilit\u00e9 de chaque participant. Une preuve d\u2019assurance est obligatoire au moment de la r\u00e9servation.<\/strong><\/h5><h5>\u00a0<\/h5><\/div><\/div><\/div><\/div><\/section><section class=\"elementor-section elementor-top-section elementor-element elementor-element-148f6ad elementor-section-boxed elementor-section-height-default elementor-section-height-default\" data-id=\"148f6ad\" data-element_type=\"section\"><div class=\"elementor-container elementor-column-gap-default\"><div class=\"elementor-column elementor-col-100 elementor-top-column elementor-element elementor-element-8b5051d\" data-id=\"8b5051d\" data-element_type=\"column\"><div class=\"elementor-widget-wrap elementor-element-populated\"><div class=\"elementor-element elementor-element-8375fdd elementor-widget elementor-widget-text-editor\" data-id=\"8375fdd\" data-element_type=\"widget\" data-widget_type=\"text-editor.default\">\u00a0<\/div><\/div><\/div><\/div><\/section><p>\u00a0&#8211;<\/p>\t\t\t\t\t\t<\/div>\n\t\t\t\t<\/div>\n\t\t\t\t<div class=\"elementor-element elementor-element-376741b elementor-widget elementor-widget-text-editor\" data-id=\"376741b\" data-element_type=\"widget\" data-widget_type=\"text-editor.default\">\n\t\t\t\t<div class=\"elementor-widget-container\">\n\t\t\t\t\t\t\t<section class=\"elementor-section elementor-top-section elementor-element elementor-element-5a59143 elementor-section-boxed elementor-section-height-default elementor-section-height-default\" data-id=\"5a59143\" data-element_type=\"section\"><div class=\"elementor-container elementor-column-gap-default\"><div class=\"elementor-column elementor-col-100 elementor-top-column elementor-element elementor-element-e0a3aa8\" data-id=\"e0a3aa8\" data-element_type=\"column\"><div class=\"elementor-widget-wrap elementor-element-populated\"><div class=\"elementor-widget-container\"><br \/><h5>\u00a0<\/h5><\/div><\/div><\/div><\/div><\/section><section class=\"elementor-section elementor-top-section elementor-element elementor-element-148f6ad elementor-section-boxed elementor-section-height-default elementor-section-height-default\" data-id=\"148f6ad\" data-element_type=\"section\"><div class=\"elementor-container elementor-column-gap-default\"><div class=\"elementor-column elementor-col-100 elementor-top-column elementor-element elementor-element-8b5051d\" data-id=\"8b5051d\" data-element_type=\"column\"><div class=\"elementor-widget-wrap elementor-element-populated\"><div class=\"elementor-element elementor-element-8375fdd elementor-widget elementor-widget-text-editor\" data-id=\"8375fdd\" data-element_type=\"widget\" data-widget_type=\"text-editor.default\">\u00a0<\/div><\/div><\/div><\/div><\/section><p>\u00a0&#8211;<\/p>\t\t\t\t\t\t<\/div>\n\t\t\t\t<\/div>\n\t\t\t\t\t<\/div>\n\t\t<\/div>\n\t\t\t\t\t<\/div>\n\t\t<\/section>\n\t\t\t\t<\/div>","protected":false},"excerpt":{"rendered":"<p>Oenotours Qu\u00e9bec &amp; Ontario CALENDRIER \u00c9T\u00c9-AUTOMNE 2026 SERA MIS EN LIGNE PROCHAINEMENT \u00a0 ITIN\u00c9RAIRE SUR 8 JOURS JOUR 1 ARRIV\u00c9E A MONTR\u00c9AL | MONTR\u00c9AL TOUR DE VILLE\u00a0\u00a0 |JOUR 2 ROUTE DES VINS CANTONS DE L&#8217;EST\u00a0 | DUNHAM | SUTTON | SHERBROOKE\u00a0\u00a0 |JOUR 3 CANTONS DE L&#8217;EST | MONT ORFORD | VILLE DE QU\u00c9BEC\u00a0\u00a0 |JOUR 4 [&hellip;]<\/p>","protected":false},"author":1,"featured_media":0,"parent":0,"menu_order":0,"comment_status":"closed","ping_status":"closed","template":"","meta":{"om_disable_all_campaigns":false,"_monsterinsights_skip_tracking":false,"_monsterinsights_sitenote_active":false,"_monsterinsights_sitenote_note":"","_monsterinsights_sitenote_category":0,"site-sidebar-layout":"no-sidebar","site-content-layout":"page-builder","ast-site-content-layout":"","site-content-style":"default","site-sidebar-style":"default","ast-global-header-display":"","ast-banner-title-visibility":"","ast-main-header-display":"","ast-hfb-above-header-display":"","ast-hfb-below-header-display":"","ast-hfb-mobile-header-display":"","site-post-title":"disabled","ast-breadcrumbs-content":"","ast-featured-img":"disabled","footer-sml-layout":"","theme-transparent-header-meta":"enabled","adv-header-id-meta":"","stick-header-meta":"","header-above-stick-meta":"","header-main-stick-meta":"","header-below-stick-meta":"","astra-migrate-meta-layouts":"default","ast-page-background-enabled":"default","ast-page-background-meta":{"desktop":{"background-color":"","background-image":"","background-repeat":"repeat","background-position":"center center","background-size":"auto","background-attachment":"scroll","background-type":"","background-media":"","overlay-type":"","overlay-color":"","overlay-gradient":""},"tablet":{"background-color":"","background-image":"","background-repeat":"repeat","background-position":"center center","background-size":"auto","background-attachment":"scroll","background-type":"","background-media":"","overlay-type":"","overlay-color":"","overlay-gradient":""},"mobile":{"background-color":"","background-image":"","background-repeat":"repeat","background-position":"center center","background-size":"auto","background-attachment":"scroll","background-type":"","background-media":"","overlay-type":"","overlay-color":"","overlay-gradient":""}},"ast-content-background-meta":{"desktop":{"background-color":"var(--ast-global-color-5)","background-image":"","background-repeat":"repeat","background-position":"center center","background-size":"auto","background-attachment":"scroll","background-type":"","background-media":"","overlay-type":"","overlay-color":"","overlay-gradient":""},"tablet":{"background-color":"var(--ast-global-color-5)","background-image":"","background-repeat":"repeat","background-position":"center center","background-size":"auto","background-attachment":"scroll","background-type":"","background-media":"","overlay-type":"","overlay-color":"","overlay-gradient":""},"mobile":{"background-color":"var(--ast-global-color-5)","background-image":"","background-repeat":"repeat","background-position":"center center","background-size":"auto","background-attachment":"scroll","background-type":"","background-media":"","overlay-type":"","overlay-color":"","overlay-gradient":""}},"footnotes":""},"class_list":["post-7766","page","type-page","status-publish","hentry"],"aioseo_notices":[],"_links":{"self":[{"href":"https:\/\/canadawinetours.com\/fr\/wp-json\/wp\/v2\/pages\/7766","targetHints":{"allow":["GET"]}}],"collection":[{"href":"https:\/\/canadawinetours.com\/fr\/wp-json\/wp\/v2\/pages"}],"about":[{"href":"https:\/\/canadawinetours.com\/fr\/wp-json\/wp\/v2\/types\/page"}],"author":[{"embeddable":true,"href":"https:\/\/canadawinetours.com\/fr\/wp-json\/wp\/v2\/users\/1"}],"replies":[{"embeddable":true,"href":"https:\/\/canadawinetours.com\/fr\/wp-json\/wp\/v2\/comments?post=7766"}],"version-history":[{"count":10,"href":"https:\/\/canadawinetours.com\/fr\/wp-json\/wp\/v2\/pages\/7766\/revisions"}],"predecessor-version":[{"id":8374,"href":"https:\/\/canadawinetours.com\/fr\/wp-json\/wp\/v2\/pages\/7766\/revisions\/8374"}],"wp:attachment":[{"href":"https:\/\/canadawinetours.com\/fr\/wp-json\/wp\/v2\/media?parent=7766"}],"curies":[{"name":"wp","href":"https:\/\/api.w.org\/{rel}","templated":true}]}}