{"id":7832,"date":"2020-04-13T11:18:50","date_gmt":"2020-04-13T11:18:50","guid":{"rendered":"https:\/\/canadawinetours.com\/?page_id=7832"},"modified":"2023-04-05T21:58:42","modified_gmt":"2023-04-05T21:58:42","slug":"oenotours-route-des-vins-canada","status":"publish","type":"page","link":"https:\/\/canadawinetours.com\/fr\/oenotours-route-des-vins-canada\/","title":{"rendered":"Tours"},"content":{"rendered":"<div data-elementor-type=\"wp-page\" data-elementor-id=\"7832\" class=\"elementor elementor-7832\">\n\t\t\t\t\t\t<section class=\"elementor-section elementor-top-section elementor-element elementor-element-1b0a5d33 elementor-section-boxed elementor-section-height-default elementor-section-height-default\" data-id=\"1b0a5d33\" data-element_type=\"section\" data-settings=\"{&quot;background_background&quot;:&quot;classic&quot;}\">\n\t\t\t\t\t\t\t<div class=\"elementor-background-overlay\"><\/div>\n\t\t\t\t\t\t\t<div class=\"elementor-container elementor-column-gap-default\">\n\t\t\t\t\t<div class=\"elementor-column elementor-col-100 elementor-top-column elementor-element elementor-element-1f841ba\" data-id=\"1f841ba\" data-element_type=\"column\">\n\t\t\t<div class=\"elementor-widget-wrap elementor-element-populated\">\n\t\t\t\t\t\t<div class=\"elementor-element elementor-element-365ba0bd elementor-widget elementor-widget-heading\" data-id=\"365ba0bd\" data-element_type=\"widget\" data-widget_type=\"heading.default\">\n\t\t\t\t<div class=\"elementor-widget-container\">\n\t\t\t<style>\/*! elementor - v3.21.0 - 22-05-2024 *\/\n.elementor-heading-title{padding:0;margin:0;line-height:1}.elementor-widget-heading .elementor-heading-title[class*=elementor-size-]>a{color:inherit;font-size:inherit;line-height:inherit}.elementor-widget-heading .elementor-heading-title.elementor-size-small{font-size:15px}.elementor-widget-heading .elementor-heading-title.elementor-size-medium{font-size:19px}.elementor-widget-heading .elementor-heading-title.elementor-size-large{font-size:29px}.elementor-widget-heading .elementor-heading-title.elementor-size-xl{font-size:39px}.elementor-widget-heading .elementor-heading-title.elementor-size-xxl{font-size:59px}<\/style><h1 class=\"elementor-heading-title elementor-size-default\">oenotours <\/h1>\t\t<\/div>\n\t\t\t\t<\/div>\n\t\t\t\t\t<\/div>\n\t\t<\/div>\n\t\t\t\t\t<\/div>\n\t\t<\/section>\n\t\t\t\t<section class=\"elementor-section elementor-top-section elementor-element elementor-element-4d2c9e9 elementor-reverse-mobile elementor-section-boxed elementor-section-height-default elementor-section-height-default\" data-id=\"4d2c9e9\" data-element_type=\"section\">\n\t\t\t\t\t\t<div class=\"elementor-container elementor-column-gap-no\">\n\t\t\t\t\t<div class=\"elementor-column elementor-col-50 elementor-top-column elementor-element elementor-element-1148300\" data-id=\"1148300\" data-element_type=\"column\">\n\t\t\t<div class=\"elementor-widget-wrap elementor-element-populated\">\n\t\t\t\t\t\t<div class=\"elementor-element elementor-element-f142ca0 elementor-widget elementor-widget-image-box\" data-id=\"f142ca0\" data-element_type=\"widget\" data-widget_type=\"image-box.default\">\n\t\t\t\t<div class=\"elementor-widget-container\">\n\t\t\t<style>\/*! elementor - v3.21.0 - 22-05-2024 *\/\n.elementor-widget-image-box .elementor-image-box-content{width:100%}@media (min-width:768px){.elementor-widget-image-box.elementor-position-left .elementor-image-box-wrapper,.elementor-widget-image-box.elementor-position-right .elementor-image-box-wrapper{display:flex}.elementor-widget-image-box.elementor-position-right .elementor-image-box-wrapper{text-align:end;flex-direction:row-reverse}.elementor-widget-image-box.elementor-position-left .elementor-image-box-wrapper{text-align:start;flex-direction:row}.elementor-widget-image-box.elementor-position-top .elementor-image-box-img{margin:auto}.elementor-widget-image-box.elementor-vertical-align-top .elementor-image-box-wrapper{align-items:flex-start}.elementor-widget-image-box.elementor-vertical-align-middle .elementor-image-box-wrapper{align-items:center}.elementor-widget-image-box.elementor-vertical-align-bottom .elementor-image-box-wrapper{align-items:flex-end}}@media (max-width:767px){.elementor-widget-image-box .elementor-image-box-img{margin-left:auto!important;margin-right:auto!important;margin-bottom:15px}}.elementor-widget-image-box .elementor-image-box-img{display:inline-block}.elementor-widget-image-box .elementor-image-box-title a{color:inherit}.elementor-widget-image-box .elementor-image-box-wrapper{text-align:center}.elementor-widget-image-box .elementor-image-box-description{margin:0}<\/style><div class=\"elementor-image-box-wrapper\"><div class=\"elementor-image-box-content\"><h2 class=\"elementor-image-box-title\">LE CANADA VINICOLE D'EST EN OUEST<\/h2><p class=\"elementor-image-box-description\">Explorez les trois grandes r\u00e9gions vitivinicoles, Qu\u00e9bec, Ontario et Colombie-Britannique \u00e0 travers un tour inoubliable de 14 jours.<\/p><\/div><\/div>\t\t<\/div>\n\t\t\t\t<\/div>\n\t\t\t\t<div class=\"elementor-element elementor-element-7334a220 elementor-widget elementor-widget-button\" data-id=\"7334a220\" data-element_type=\"widget\" data-widget_type=\"button.default\">\n\t\t\t\t<div class=\"elementor-widget-container\">\n\t\t\t\t\t<div class=\"elementor-button-wrapper\">\n\t\t\t<a class=\"elementor-button elementor-button-link elementor-size-sm\" href=\"https:\/\/canadawinetours.com\/fr\/canada-coast-to-coast-wine-tour\/\">\n\t\t\t\t\t\t<span class=\"elementor-button-content-wrapper\">\n\t\t\t\t\t\t\t\t\t<span class=\"elementor-button-text\">Programme<\/span>\n\t\t\t\t\t<\/span>\n\t\t\t\t\t<\/a>\n\t\t<\/div>\n\t\t\t\t<\/div>\n\t\t\t\t<\/div>\n\t\t\t\t\t<\/div>\n\t\t<\/div>\n\t\t\t\t<div class=\"elementor-column elementor-col-50 elementor-top-column elementor-element elementor-element-7285665\" data-id=\"7285665\" data-element_type=\"column\">\n\t\t\t<div class=\"elementor-widget-wrap elementor-element-populated\">\n\t\t\t\t\t\t<div class=\"elementor-element elementor-element-508aa5f0 elementor-widget elementor-widget-image\" data-id=\"508aa5f0\" data-element_type=\"widget\" data-widget_type=\"image.default\">\n\t\t\t\t<div class=\"elementor-widget-container\">\n\t\t\t<style>\/*! elementor - v3.21.0 - 22-05-2024 *\/\n.elementor-widget-image{text-align:center}.elementor-widget-image a{display:inline-block}.elementor-widget-image a img[src$=\".svg\"]{width:48px}.elementor-widget-image img{vertical-align:middle;display:inline-block}<\/style>\t\t\t\t\t\t\t\t\t\t<img fetchpriority=\"high\" decoding=\"async\" width=\"1024\" height=\"678\" src=\"https:\/\/canadawinetours.com\/wp-content\/uploads\/2023\/02\/shutterstock_112937809-1-1024x678.jpg\" class=\"attachment-large size-large wp-image-7156\" alt=\"\" srcset=\"https:\/\/canadawinetours.com\/wp-content\/uploads\/2023\/02\/shutterstock_112937809-1-1024x678.jpg 1024w, https:\/\/canadawinetours.com\/wp-content\/uploads\/2023\/02\/shutterstock_112937809-1-300x199.jpg 300w, https:\/\/canadawinetours.com\/wp-content\/uploads\/2023\/02\/shutterstock_112937809-1-768x509.jpg 768w, https:\/\/canadawinetours.com\/wp-content\/uploads\/2023\/02\/shutterstock_112937809-1-1536x1017.jpg 1536w, https:\/\/canadawinetours.com\/wp-content\/uploads\/2023\/02\/shutterstock_112937809-1-2048x1356.jpg 2048w, https:\/\/canadawinetours.com\/wp-content\/uploads\/2023\/02\/shutterstock_112937809-1-250x166.jpg 250w, https:\/\/canadawinetours.com\/wp-content\/uploads\/2023\/02\/shutterstock_112937809-1-550x364.jpg 550w, https:\/\/canadawinetours.com\/wp-content\/uploads\/2023\/02\/shutterstock_112937809-1-800x530.jpg 800w, https:\/\/canadawinetours.com\/wp-content\/uploads\/2023\/02\/shutterstock_112937809-1-272x180.jpg 272w, https:\/\/canadawinetours.com\/wp-content\/uploads\/2023\/02\/shutterstock_112937809-1-453x300.jpg 453w, https:\/\/canadawinetours.com\/wp-content\/uploads\/2023\/02\/shutterstock_112937809-1-755x500.jpg 755w\" sizes=\"(max-width: 1024px) 100vw, 1024px\" \/>\t\t\t\t\t\t\t\t\t\t\t\t\t<\/div>\n\t\t\t\t<\/div>\n\t\t\t\t\t<\/div>\n\t\t<\/div>\n\t\t\t\t\t<\/div>\n\t\t<\/section>\n\t\t\t\t<section class=\"elementor-section elementor-top-section elementor-element elementor-element-9e09982 elementor-section-boxed elementor-section-height-default elementor-section-height-default\" data-id=\"9e09982\" data-element_type=\"section\">\n\t\t\t\t\t\t<div class=\"elementor-container elementor-column-gap-no\">\n\t\t\t\t\t<div class=\"elementor-column elementor-col-50 elementor-top-column elementor-element elementor-element-4b9de95\" data-id=\"4b9de95\" data-element_type=\"column\">\n\t\t\t<div class=\"elementor-widget-wrap elementor-element-populated\">\n\t\t\t\t\t\t<div class=\"elementor-element elementor-element-1fab74e0 elementor-widget elementor-widget-image\" data-id=\"1fab74e0\" data-element_type=\"widget\" data-widget_type=\"image.default\">\n\t\t\t\t<div class=\"elementor-widget-container\">\n\t\t\t\t\t\t\t\t\t\t\t\t\t<img decoding=\"async\" width=\"1024\" height=\"683\" src=\"https:\/\/canadawinetours.com\/wp-content\/uploads\/2023\/02\/shutterstock_2058243662-1024x683.jpg\" class=\"attachment-large size-large wp-image-7151\" alt=\"\" srcset=\"https:\/\/canadawinetours.com\/wp-content\/uploads\/2023\/02\/shutterstock_2058243662-1024x683.jpg 1024w, https:\/\/canadawinetours.com\/wp-content\/uploads\/2023\/02\/shutterstock_2058243662-300x200.jpg 300w, https:\/\/canadawinetours.com\/wp-content\/uploads\/2023\/02\/shutterstock_2058243662-768x512.jpg 768w, https:\/\/canadawinetours.com\/wp-content\/uploads\/2023\/02\/shutterstock_2058243662-1536x1024.jpg 1536w, https:\/\/canadawinetours.com\/wp-content\/uploads\/2023\/02\/shutterstock_2058243662-2048x1365.jpg 2048w, https:\/\/canadawinetours.com\/wp-content\/uploads\/2023\/02\/shutterstock_2058243662-250x167.jpg 250w, https:\/\/canadawinetours.com\/wp-content\/uploads\/2023\/02\/shutterstock_2058243662-550x367.jpg 550w, https:\/\/canadawinetours.com\/wp-content\/uploads\/2023\/02\/shutterstock_2058243662-800x533.jpg 800w, https:\/\/canadawinetours.com\/wp-content\/uploads\/2023\/02\/shutterstock_2058243662-270x180.jpg 270w, https:\/\/canadawinetours.com\/wp-content\/uploads\/2023\/02\/shutterstock_2058243662-450x300.jpg 450w, https:\/\/canadawinetours.com\/wp-content\/uploads\/2023\/02\/shutterstock_2058243662-750x500.jpg 750w\" sizes=\"(max-width: 1024px) 100vw, 1024px\" \/>\t\t\t\t\t\t\t\t\t\t\t\t\t<\/div>\n\t\t\t\t<\/div>\n\t\t\t\t\t<\/div>\n\t\t<\/div>\n\t\t\t\t<div class=\"elementor-column elementor-col-50 elementor-top-column elementor-element elementor-element-ddc17dc\" data-id=\"ddc17dc\" data-element_type=\"column\">\n\t\t\t<div class=\"elementor-widget-wrap elementor-element-populated\">\n\t\t\t\t\t\t<div class=\"elementor-element elementor-element-5fd89a9 elementor-widget elementor-widget-image-box\" data-id=\"5fd89a9\" data-element_type=\"widget\" data-widget_type=\"image-box.default\">\n\t\t\t\t<div class=\"elementor-widget-container\">\n\t\t\t<div class=\"elementor-image-box-wrapper\"><div class=\"elementor-image-box-content\"><h2 class=\"elementor-image-box-title\">TOUR DU QUEBEC & ONTARIO<\/h2><p class=\"elementor-image-box-description\">Ce tour de 8 jours vous conduira a explorer les vignobles du Eastern Townships Quebecois, la belle Ile d'Orleans ainsi que la vieille ville de Quebec. Ce tour vous conduira ensuite vers le centre vibrant de Toronto et la peninsule du Niagara pour decouvrir les fameuses chutes du Niagara ainsi que ses vignobles.<\/p><\/div><\/div>\t\t<\/div>\n\t\t\t\t<\/div>\n\t\t\t\t<div class=\"elementor-element elementor-element-d6d9527 elementor-widget elementor-widget-button\" data-id=\"d6d9527\" data-element_type=\"widget\" data-widget_type=\"button.default\">\n\t\t\t\t<div class=\"elementor-widget-container\">\n\t\t\t\t\t<div class=\"elementor-button-wrapper\">\n\t\t\t<a class=\"elementor-button elementor-button-link elementor-size-sm\" href=\"https:\/\/canadawinetours.com\/fr\/quebec-ontario-wine-tour\/\">\n\t\t\t\t\t\t<span class=\"elementor-button-content-wrapper\">\n\t\t\t\t\t\t\t\t\t<span class=\"elementor-button-text\">programme<\/span>\n\t\t\t\t\t<\/span>\n\t\t\t\t\t<\/a>\n\t\t<\/div>\n\t\t\t\t<\/div>\n\t\t\t\t<\/div>\n\t\t\t\t\t<\/div>\n\t\t<\/div>\n\t\t\t\t\t<\/div>\n\t\t<\/section>\n\t\t\t\t<section class=\"elementor-section elementor-top-section elementor-element elementor-element-6027d0f elementor-reverse-mobile elementor-section-boxed elementor-section-height-default elementor-section-height-default\" data-id=\"6027d0f\" data-element_type=\"section\">\n\t\t\t\t\t\t<div class=\"elementor-container elementor-column-gap-no\">\n\t\t\t\t\t<div class=\"elementor-column elementor-col-50 elementor-top-column elementor-element elementor-element-355c572\" data-id=\"355c572\" data-element_type=\"column\">\n\t\t\t<div class=\"elementor-widget-wrap elementor-element-populated\">\n\t\t\t\t\t\t<div class=\"elementor-element elementor-element-feeaa45 elementor-widget elementor-widget-image-box\" data-id=\"feeaa45\" data-element_type=\"widget\" data-widget_type=\"image-box.default\">\n\t\t\t\t<div class=\"elementor-widget-container\">\n\t\t\t<div class=\"elementor-image-box-wrapper\"><div class=\"elementor-image-box-content\"><h2 class=\"elementor-image-box-title\">OENOTOUR EN COLOMBIE-BRITANNIQUE<\/h2><p class=\"elementor-image-box-description\">Commen\u00e7ant par la c\u00e9l\u00e9br\u00e9 Vall\u00e9e de L'Okaganan et se finissant par la Vall\u00e9e  de la Fraser et Vancouver, ce tour de sept jours vous emm\u00e8nera dans les plus beaux vignobles de la province o\u00f9 vous pourrez d\u00e9couvrir les richesses vinicoles et la gastronomie locales.<\/p><\/div><\/div>\t\t<\/div>\n\t\t\t\t<\/div>\n\t\t\t\t<div class=\"elementor-element elementor-element-882c271 elementor-widget elementor-widget-button\" data-id=\"882c271\" data-element_type=\"widget\" data-widget_type=\"button.default\">\n\t\t\t\t<div class=\"elementor-widget-container\">\n\t\t\t\t\t<div class=\"elementor-button-wrapper\">\n\t\t\t<a class=\"elementor-button elementor-button-link elementor-size-sm\" href=\"https:\/\/canadawinetours.com\/fr\/british-columbia-wine-tour\/\">\n\t\t\t\t\t\t<span class=\"elementor-button-content-wrapper\">\n\t\t\t\t\t\t\t\t\t<span class=\"elementor-button-text\">programme<\/span>\n\t\t\t\t\t<\/span>\n\t\t\t\t\t<\/a>\n\t\t<\/div>\n\t\t\t\t<\/div>\n\t\t\t\t<\/div>\n\t\t\t\t\t<\/div>\n\t\t<\/div>\n\t\t\t\t<div class=\"elementor-column elementor-col-50 elementor-top-column elementor-element elementor-element-623a32c\" data-id=\"623a32c\" data-element_type=\"column\">\n\t\t\t<div class=\"elementor-widget-wrap elementor-element-populated\">\n\t\t\t\t\t\t<div class=\"elementor-element elementor-element-628e670 elementor-widget elementor-widget-image\" data-id=\"628e670\" data-element_type=\"widget\" data-widget_type=\"image.default\">\n\t\t\t\t<div class=\"elementor-widget-container\">\n\t\t\t\t\t\t\t\t\t\t\t\t\t<img decoding=\"async\" width=\"1024\" height=\"683\" src=\"https:\/\/canadawinetours.com\/wp-content\/uploads\/2023\/02\/2055908891-huge-1024x683.jpg\" class=\"attachment-large size-large wp-image-7150\" alt=\"\" srcset=\"https:\/\/canadawinetours.com\/wp-content\/uploads\/2023\/02\/2055908891-huge-1024x683.jpg 1024w, https:\/\/canadawinetours.com\/wp-content\/uploads\/2023\/02\/2055908891-huge-300x200.jpg 300w, https:\/\/canadawinetours.com\/wp-content\/uploads\/2023\/02\/2055908891-huge-768x512.jpg 768w, https:\/\/canadawinetours.com\/wp-content\/uploads\/2023\/02\/2055908891-huge-1536x1024.jpg 1536w, https:\/\/canadawinetours.com\/wp-content\/uploads\/2023\/02\/2055908891-huge-2048x1365.jpg 2048w, https:\/\/canadawinetours.com\/wp-content\/uploads\/2023\/02\/2055908891-huge-250x167.jpg 250w, https:\/\/canadawinetours.com\/wp-content\/uploads\/2023\/02\/2055908891-huge-550x367.jpg 550w, https:\/\/canadawinetours.com\/wp-content\/uploads\/2023\/02\/2055908891-huge-800x533.jpg 800w, https:\/\/canadawinetours.com\/wp-content\/uploads\/2023\/02\/2055908891-huge-270x180.jpg 270w, https:\/\/canadawinetours.com\/wp-content\/uploads\/2023\/02\/2055908891-huge-450x300.jpg 450w, https:\/\/canadawinetours.com\/wp-content\/uploads\/2023\/02\/2055908891-huge-750x500.jpg 750w\" sizes=\"(max-width: 1024px) 100vw, 1024px\" \/>\t\t\t\t\t\t\t\t\t\t\t\t\t<\/div>\n\t\t\t\t<\/div>\n\t\t\t\t\t<\/div>\n\t\t<\/div>\n\t\t\t\t\t<\/div>\n\t\t<\/section>\n\t\t\t\t<\/div>","protected":false},"excerpt":{"rendered":"<p>oenotours LE CANADA VINICOLE D&#8217;EST EN OUEST Explorez les trois grandes r\u00e9gions vitivinicoles, Qu\u00e9bec, Ontario et Colombie-Britannique \u00e0 travers un tour inoubliable de 14 jours. Programme TOUR DU QUEBEC &amp; ONTARIO Ce tour de 8 jours vous conduira a explorer les vignobles du Eastern Townships Quebecois, la belle Ile d&#8217;Orleans ainsi que la vieille ville [&hellip;]<\/p>","protected":false},"author":2,"featured_media":0,"parent":0,"menu_order":0,"comment_status":"closed","ping_status":"closed","template":"","meta":{"om_disable_all_campaigns":false,"_monsterinsights_skip_tracking":false,"_monsterinsights_sitenote_active":false,"_monsterinsights_sitenote_note":"","_monsterinsights_sitenote_category":0,"site-sidebar-layout":"no-sidebar","site-content-layout":"page-builder","ast-site-content-layout":"","site-content-style":"default","site-sidebar-style":"default","ast-global-header-display":"","ast-banner-title-visibility":"","ast-main-header-display":"","ast-hfb-above-header-display":"","ast-hfb-below-header-display":"","ast-hfb-mobile-header-display":"","site-post-title":"disabled","ast-breadcrumbs-content":"","ast-featured-img":"disabled","footer-sml-layout":"","theme-transparent-header-meta":"enabled","adv-header-id-meta":"","stick-header-meta":"","header-above-stick-meta":"","header-main-stick-meta":"","header-below-stick-meta":"","astra-migrate-meta-layouts":"default","ast-page-background-enabled":"default","ast-page-background-meta":{"desktop":{"background-color":"","background-image":"","background-repeat":"repeat","background-position":"center center","background-size":"auto","background-attachment":"scroll","background-type":"","background-media":"","overlay-type":"","overlay-color":"","overlay-gradient":""},"tablet":{"background-color":"","background-image":"","background-repeat":"repeat","background-position":"center center","background-size":"auto","background-attachment":"scroll","background-type":"","background-media":"","overlay-type":"","overlay-color":"","overlay-gradient":""},"mobile":{"background-color":"","background-image":"","background-repeat":"repeat","background-position":"center center","background-size":"auto","background-attachment":"scroll","background-type":"","background-media":"","overlay-type":"","overlay-color":"","overlay-gradient":""}},"ast-content-background-meta":{"desktop":{"background-color":"var(--ast-global-color-5)","background-image":"","background-repeat":"repeat","background-position":"center center","background-size":"auto","background-attachment":"scroll","background-type":"","background-media":"","overlay-type":"","overlay-color":"","overlay-gradient":""},"tablet":{"background-color":"var(--ast-global-color-5)","background-image":"","background-repeat":"repeat","background-position":"center center","background-size":"auto","background-attachment":"scroll","background-type":"","background-media":"","overlay-type":"","overlay-color":"","overlay-gradient":""},"mobile":{"background-color":"var(--ast-global-color-5)","background-image":"","background-repeat":"repeat","background-position":"center center","background-size":"auto","background-attachment":"scroll","background-type":"","background-media":"","overlay-type":"","overlay-color":"","overlay-gradient":""}},"footnotes":""},"class_list":["post-7832","page","type-page","status-publish","hentry"],"aioseo_notices":[],"_links":{"self":[{"href":"https:\/\/canadawinetours.com\/fr\/wp-json\/wp\/v2\/pages\/7832","targetHints":{"allow":["GET"]}}],"collection":[{"href":"https:\/\/canadawinetours.com\/fr\/wp-json\/wp\/v2\/pages"}],"about":[{"href":"https:\/\/canadawinetours.com\/fr\/wp-json\/wp\/v2\/types\/page"}],"author":[{"embeddable":true,"href":"https:\/\/canadawinetours.com\/fr\/wp-json\/wp\/v2\/users\/2"}],"replies":[{"embeddable":true,"href":"https:\/\/canadawinetours.com\/fr\/wp-json\/wp\/v2\/comments?post=7832"}],"version-history":[{"count":10,"href":"https:\/\/canadawinetours.com\/fr\/wp-json\/wp\/v2\/pages\/7832\/revisions"}],"predecessor-version":[{"id":8165,"href":"https:\/\/canadawinetours.com\/fr\/wp-json\/wp\/v2\/pages\/7832\/revisions\/8165"}],"wp:attachment":[{"href":"https:\/\/canadawinetours.com\/fr\/wp-json\/wp\/v2\/media?parent=7832"}],"curies":[{"name":"wp","href":"https:\/\/api.w.org\/{rel}","templated":true}]}}